{"id":6,"date":"2023-01-22T23:12:25","date_gmt":"2023-01-22T23:12:25","guid":{"rendered":"https:\/\/tusihorn.com.ar\/?page_id=6"},"modified":"2023-03-02T22:35:27","modified_gmt":"2023-03-02T22:35:27","slug":"create-your-website-with-blocks","status":"publish","type":"page","link":"https:\/\/tusihorn.com.ar\/","title":{"rendered":"Untitled"},"content":{"rendered":"\n<div style=\"height:30px\" aria-hidden=\"true\" class=\"wp-block-spacer\"><\/div>\n\n\n\n<div class=\"wp-block-columns alignwide are-vertically-aligned-center is-style-twentytwentyone-columns-overlap is-layout-flex wp-container-core-columns-is-layout-9d6595d7 wp-block-columns-is-layout-flex\">\n<div class=\"wp-block-column is-vertically-aligned-center is-layout-flow wp-block-column-is-layout-flow\">\n<div class=\"wp-block-cover alignfull is-light has-parallax is-style-default wp-duotone-333-ffffff-1\" style=\"padding-top:var(--wp--preset--spacing--40);padding-right:var(--wp--preset--spacing--40);padding-bottom:var(--wp--preset--spacing--40);padding-left:var(--wp--preset--spacing--40);min-height:100vh;aspect-ratio:unset;\"><span aria-hidden=\"true\" class=\"wp-block-cover__background has-background-dim-0 has-background-dim\"><\/span><div role=\"img\" class=\"wp-block-cover__image-background wp-image-157 has-parallax\" style=\"background-position:50% 50%;background-image:url(http:\/\/tusihorn.com.ar\/wp-content\/uploads\/2023\/02\/DSC_2397.jpg)\"><\/div><div class=\"wp-block-cover__inner-container is-layout-flow wp-block-cover-is-layout-flow\">\n<p class=\"has-text-align-center has-large-font-size\"><\/p>\n<\/div><\/div>\n<\/div>\n<\/div>\n\n\n\n<div style=\"height:50px\" aria-hidden=\"true\" class=\"wp-block-spacer\"><\/div>\n\n\n\n<div class=\"wp-block-columns alignwide are-vertically-aligned-top is-layout-flex wp-container-core-columns-is-layout-9d6595d7 wp-block-columns-is-layout-flex\">\n<div class=\"wp-block-column is-vertically-aligned-top is-layout-flow wp-block-column-is-layout-flow\">\n<h3 class=\"wp-block-heading\">&nbsp;<\/h3>\n\n\n\n<p class=\"has-text-align-center\"><em>No sigas las huellas<br>de los antiguos busca lo que ellos buscaron.&nbsp;<\/em><\/p>\n\n\n\n<p class=\"has-text-align-center\"><em>Haiku de MATSUO BASHOO&nbsp;<\/em><\/p>\n\n\n\n<p><\/p>\n\n\n\n<p class=\"has-text-align-center\">La rueda incesante del torno y el barro. Centro inmanente. Circulo eterno. <br>Rueda en movimiento constante. Vac\u00edo inerte. <br>Viaje con el universo. <br>El aqu\u00ed y el ahora.<br>Mi obra surge como resultado de poner en juego constantemente principios sagrados y universales sobre el devenir. <br>Im\u00e1genes mitol\u00f3gicas y at\u00e1vicas de una extra\u00f1a religi\u00f3n que busca el equilibrio y la uni\u00f3n como alternativa humana. <br>Dimensiones internas m\u00e1s profundas e infinitamente m\u00e1s vastas que el pensamiento, <br>sin involucrar la mente racional m\u00e1s de lo necesario.<br>Lo que las im\u00e1genes no dicen, se\u00f1alan y es m\u00e1s importante que lo que se dice. <br>La llave del conocimiento estar\u00e1 en buscar en lo interno y lo externo.<\/p>\n\n\n\n<p class=\"has-text-align-center\">Hace 40 a\u00f1os decid\u00ed recorrer el m\u00e1gico sendero del torno alfarero, el barro y el intenso fuego.<\/p>\n\n\n\n<p class=\"has-text-align-center\">***<\/p>\n\n\n\n<p class=\"has-text-align-center\"><em>Horn Tusi Vilma<\/em><\/p>\n<\/div>\n<\/div>\n","protected":false},"excerpt":{"rendered":"<p>&nbsp; No sigas las huellasde los antiguos busca lo que ellos buscaron.&nbsp; Haiku de MATSUO BASHOO&nbsp; La rueda incesante del torno y el barro. Centro inmanente. Circulo eterno. Rueda en movimiento constante. Vac\u00edo inerte. Viaje con el universo. El aqu\u00ed y el ahora.Mi obra surge como resultado de poner en juego constantemente principios sagrados y&hellip; <a class=\"more-link\" href=\"https:\/\/tusihorn.com.ar\/\">Continue reading <span class=\"screen-reader-text\">Untitled<\/span><\/a><\/p>\n","protected":false},"author":2,"featured_media":0,"parent":0,"menu_order":0,"comment_status":"closed","ping_status":"closed","template":"","meta":{"footnotes":""},"class_list":["post-6","page","type-page","status-publish","hentry","entry"],"_links":{"self":[{"href":"https:\/\/tusihorn.com.ar\/index.php?rest_route=\/wp\/v2\/pages\/6","targetHints":{"allow":["GET"]}}],"collection":[{"href":"https:\/\/tusihorn.com.ar\/index.php?rest_route=\/wp\/v2\/pages"}],"about":[{"href":"https:\/\/tusihorn.com.ar\/index.php?rest_route=\/wp\/v2\/types\/page"}],"author":[{"embeddable":true,"href":"https:\/\/tusihorn.com.ar\/index.php?rest_route=\/wp\/v2\/users\/2"}],"replies":[{"embeddable":true,"href":"https:\/\/tusihorn.com.ar\/index.php?rest_route=%2Fwp%2Fv2%2Fcomments&post=6"}],"version-history":[{"count":28,"href":"https:\/\/tusihorn.com.ar\/index.php?rest_route=\/wp\/v2\/pages\/6\/revisions"}],"predecessor-version":[{"id":231,"href":"https:\/\/tusihorn.com.ar\/index.php?rest_route=\/wp\/v2\/pages\/6\/revisions\/231"}],"wp:attachment":[{"href":"https:\/\/tusihorn.com.ar\/index.php?rest_route=%2Fwp%2Fv2%2Fmedia&parent=6"}],"curies":[{"name":"wp","href":"https:\/\/api.w.org\/{rel}","templated":true}]}}