{"id":477,"date":"2025-04-29T21:19:32","date_gmt":"2025-04-29T21:19:32","guid":{"rendered":"https:\/\/tusihorn.com.ar\/?page_id=477"},"modified":"2025-04-29T22:01:59","modified_gmt":"2025-04-29T22:01:59","slug":"acciones","status":"publish","type":"page","link":"https:\/\/tusihorn.com.ar\/?page_id=477","title":{"rendered":"Acciones"},"content":{"rendered":"\t\t<div data-elementor-type=\"wp-page\" data-elementor-id=\"477\" class=\"elementor elementor-477\">\n\t\t\t\t\t\t<section class=\"elementor-section elementor-top-section elementor-element elementor-element-3a54f163 elementor-section-boxed elementor-section-height-default elementor-section-height-default\" data-id=\"3a54f163\" data-element_type=\"section\" data-e-type=\"section\">\n\t\t\t\t\t\t<div class=\"elementor-container elementor-column-gap-default\">\n\t\t\t\t\t<div class=\"elementor-column elementor-col-100 elementor-top-column elementor-element elementor-element-4b42a2b7\" data-id=\"4b42a2b7\" data-element_type=\"column\" data-e-type=\"column\">\n\t\t\t<div class=\"elementor-widget-wrap elementor-element-populated\">\n\t\t\t\t\t\t<div class=\"elementor-element elementor-element-756a2314 elementor-widget elementor-widget-text-editor\" data-id=\"756a2314\" data-element_type=\"widget\" data-e-type=\"widget\" data-widget_type=\"text-editor.default\">\n\t\t\t\t<div class=\"elementor-widget-container\">\n\t\t\t\t\t\t\t\t\t\n<p class=\"has-extra-small-font-size\"><strong>Colectivo 1050\u00b0<\/strong><br \/>Colectivo Tierra caliente: acciones colectivas relacionales realizadas en diversas plazas de la ciudad con amplia y activa participaci\u00f3n del publico, donde varios tornos alfareros eran utilizados para generar formas b\u00e1sicas que eran transformadas en formas de frutos los cuales luego de ser cocina- dos en hornos alternativos de carb\u00f3n, fueron emplazados en una instalaci\u00f3n en el jard\u00edn bot\u00e1nico. <br \/><br \/>El arte mejora la vida de las personas. El arte se invita, se convida, se distribuye y deber\u00eda circular permanentemente entre los colectivos humanos, como energ\u00eda motivadora y enlazada con el goce de la vida. El recurso es la producci\u00f3n colectiva como eje de la actividad. La completa participaci\u00f3n.<\/p>\n\t\t\t\t\t\t\t\t<\/div>\n\t\t\t\t<\/div>\n\t\t\t\t\t<\/div>\n\t\t<\/div>\n\t\t\t\t\t<\/div>\n\t\t<\/section>\n\t\t\t\t<section class=\"elementor-section elementor-top-section elementor-element elementor-element-b5b0ef0 elementor-section-boxed elementor-section-height-default elementor-section-height-default\" data-id=\"b5b0ef0\" data-element_type=\"section\" data-e-type=\"section\">\n\t\t\t\t\t\t<div class=\"elementor-container elementor-column-gap-default\">\n\t\t\t\t\t<div class=\"elementor-column elementor-col-100 elementor-top-column elementor-element elementor-element-83dc60a\" data-id=\"83dc60a\" data-element_type=\"column\" data-e-type=\"column\">\n\t\t\t<div class=\"elementor-widget-wrap elementor-element-populated\">\n\t\t\t\t\t\t<div class=\"elementor-element elementor-element-950ff6a elementor-widget elementor-widget-video\" data-id=\"950ff6a\" data-element_type=\"widget\" data-e-type=\"widget\" data-settings=\"{&quot;youtube_url&quot;:&quot;https:\\\/\\\/www.youtube.com\\\/watch?v=dXc_wHRrUy4&quot;,&quot;video_type&quot;:&quot;youtube&quot;,&quot;controls&quot;:&quot;yes&quot;}\" data-widget_type=\"video.default\">\n\t\t\t\t<div class=\"elementor-widget-container\">\n\t\t\t\t\t\t\t<div class=\"elementor-wrapper elementor-open-inline\">\n\t\t\t<div class=\"elementor-video\"><\/div>\t\t<\/div>\n\t\t\t\t\t\t<\/div>\n\t\t\t\t<\/div>\n\t\t\t\t\t<\/div>\n\t\t<\/div>\n\t\t\t\t\t<\/div>\n\t\t<\/section>\n\t\t\t\t<section class=\"elementor-section elementor-top-section elementor-element elementor-element-983934a elementor-section-boxed elementor-section-height-default elementor-section-height-default\" data-id=\"983934a\" data-element_type=\"section\" data-e-type=\"section\">\n\t\t\t\t\t\t<div class=\"elementor-container elementor-column-gap-default\">\n\t\t\t\t\t<div class=\"elementor-column elementor-col-100 elementor-top-column elementor-element elementor-element-de705b0\" data-id=\"de705b0\" data-element_type=\"column\" data-e-type=\"column\">\n\t\t\t<div class=\"elementor-widget-wrap elementor-element-populated\">\n\t\t\t\t\t\t<div class=\"elementor-element elementor-element-9100cbc elementor-widget elementor-widget-spacer\" data-id=\"9100cbc\" data-element_type=\"widget\" data-e-type=\"widget\" data-widget_type=\"spacer.default\">\n\t\t\t\t<div class=\"elementor-widget-container\">\n\t\t\t\t\t\t\t<div class=\"elementor-spacer\">\n\t\t\t<div class=\"elementor-spacer-inner\"><\/div>\n\t\t<\/div>\n\t\t\t\t\t\t<\/div>\n\t\t\t\t<\/div>\n\t\t\t\t\t<\/div>\n\t\t<\/div>\n\t\t\t\t\t<\/div>\n\t\t<\/section>\n\t\t\t\t<section class=\"elementor-section elementor-top-section elementor-element elementor-element-66640bf elementor-section-boxed elementor-section-height-default elementor-section-height-default\" data-id=\"66640bf\" data-element_type=\"section\" data-e-type=\"section\">\n\t\t\t\t\t\t<div class=\"elementor-container elementor-column-gap-default\">\n\t\t\t\t\t<div class=\"elementor-column elementor-col-100 elementor-top-column elementor-element elementor-element-ef2810d\" data-id=\"ef2810d\" data-element_type=\"column\" data-e-type=\"column\">\n\t\t\t<div class=\"elementor-widget-wrap elementor-element-populated\">\n\t\t\t\t\t\t<div class=\"elementor-element elementor-element-b84a1ca elementor-widget__width-initial elementor-widget elementor-widget-text-editor\" data-id=\"b84a1ca\" data-element_type=\"widget\" data-e-type=\"widget\" data-widget_type=\"text-editor.default\">\n\t\t\t\t<div class=\"elementor-widget-container\">\n\t\t\t\t\t\t\t\t\t\n<p class=\"has-extra-small-font-size\"><strong>Colectivo transitoria<\/strong><br \/>Es un espacio de reflexi\u00f3n\/activaci\u00f3n donde mujeres que trabajan el barro realizan acciones colectivas en espacios p\u00fablicos y privados junto a los espectadores asistentes convidando a colaborar con una producci\u00f3n propia a la obra final. El recuerdo de los frutos. El trozo de barro. La habilidad de las manos. El horno sencillo y accesible para realizar una cocci\u00f3n que inmortaliza lo creado.<\/p>\n\t\t\t\t\t\t\t\t<\/div>\n\t\t\t\t<\/div>\n\t\t\t\t\t<\/div>\n\t\t<\/div>\n\t\t\t\t\t<\/div>\n\t\t<\/section>\n\t\t\t\t<section class=\"elementor-section elementor-top-section elementor-element elementor-element-6189081 elementor-section-boxed elementor-section-height-default elementor-section-height-default\" data-id=\"6189081\" data-element_type=\"section\" data-e-type=\"section\">\n\t\t\t\t\t\t<div class=\"elementor-container elementor-column-gap-default\">\n\t\t\t\t\t<div class=\"elementor-column elementor-col-100 elementor-top-column elementor-element elementor-element-6cb33b1\" data-id=\"6cb33b1\" data-element_type=\"column\" data-e-type=\"column\">\n\t\t\t<div class=\"elementor-widget-wrap elementor-element-populated\">\n\t\t\t\t\t\t<div class=\"elementor-element elementor-element-d87b36b elementor-widget elementor-widget-image\" data-id=\"d87b36b\" data-element_type=\"widget\" data-e-type=\"widget\" data-widget_type=\"image.default\">\n\t\t\t\t<div class=\"elementor-widget-container\">\n\t\t\t\t\t\t\t\t\t\t\t\t\t\t\t<img fetchpriority=\"high\" decoding=\"async\" width=\"750\" height=\"497\" src=\"https:\/\/tusihorn.com.ar\/wp-content\/uploads\/2025\/04\/Captura-de-pantalla-2024-06-17-a-las-1.27.10\u202fp.-m.jpg-1024x679.webp\" class=\"attachment-large size-large wp-image-485\" alt=\"\" srcset=\"https:\/\/tusihorn.com.ar\/wp-content\/uploads\/2025\/04\/Captura-de-pantalla-2024-06-17-a-las-1.27.10\u202fp.-m.jpg-1024x679.webp 1024w, https:\/\/tusihorn.com.ar\/wp-content\/uploads\/2025\/04\/Captura-de-pantalla-2024-06-17-a-las-1.27.10\u202fp.-m.jpg-300x199.webp 300w, https:\/\/tusihorn.com.ar\/wp-content\/uploads\/2025\/04\/Captura-de-pantalla-2024-06-17-a-las-1.27.10\u202fp.-m.jpg-768x509.webp 768w, https:\/\/tusihorn.com.ar\/wp-content\/uploads\/2025\/04\/Captura-de-pantalla-2024-06-17-a-las-1.27.10\u202fp.-m.jpg.webp 1382w\" sizes=\"(max-width: 750px) 100vw, 750px\" style=\"width:100%;height:66.28%;max-width:1382px\" \/>\t\t\t\t\t\t\t\t\t\t\t\t\t\t\t<\/div>\n\t\t\t\t<\/div>\n\t\t\t\t\t<\/div>\n\t\t<\/div>\n\t\t\t\t\t<\/div>\n\t\t<\/section>\n\t\t\t\t<section class=\"elementor-section elementor-top-section elementor-element elementor-element-65cc308 elementor-section-boxed elementor-section-height-default elementor-section-height-default\" data-id=\"65cc308\" data-element_type=\"section\" data-e-type=\"section\">\n\t\t\t\t\t\t<div class=\"elementor-container elementor-column-gap-default\">\n\t\t\t\t\t<div class=\"elementor-column elementor-col-100 elementor-top-column elementor-element elementor-element-f14fae5\" data-id=\"f14fae5\" data-element_type=\"column\" data-e-type=\"column\">\n\t\t\t<div class=\"elementor-widget-wrap elementor-element-populated\">\n\t\t\t\t\t\t<div class=\"elementor-element elementor-element-30ae742 elementor-widget elementor-widget-spacer\" data-id=\"30ae742\" data-element_type=\"widget\" data-e-type=\"widget\" data-widget_type=\"spacer.default\">\n\t\t\t\t<div class=\"elementor-widget-container\">\n\t\t\t\t\t\t\t<div class=\"elementor-spacer\">\n\t\t\t<div class=\"elementor-spacer-inner\"><\/div>\n\t\t<\/div>\n\t\t\t\t\t\t<\/div>\n\t\t\t\t<\/div>\n\t\t\t\t\t<\/div>\n\t\t<\/div>\n\t\t\t\t\t<\/div>\n\t\t<\/section>\n\t\t\t\t<section class=\"elementor-section elementor-top-section elementor-element elementor-element-ee8ec68 elementor-section-boxed elementor-section-height-default elementor-section-height-default\" data-id=\"ee8ec68\" data-element_type=\"section\" data-e-type=\"section\">\n\t\t\t\t\t\t<div class=\"elementor-container elementor-column-gap-default\">\n\t\t\t\t\t<div class=\"elementor-column elementor-col-100 elementor-top-column elementor-element elementor-element-559a22e\" data-id=\"559a22e\" data-element_type=\"column\" data-e-type=\"column\">\n\t\t\t<div class=\"elementor-widget-wrap elementor-element-populated\">\n\t\t\t\t\t\t<div class=\"elementor-element elementor-element-461a3f7 elementor-widget elementor-widget-text-editor\" data-id=\"461a3f7\" data-element_type=\"widget\" data-e-type=\"widget\" data-widget_type=\"text-editor.default\">\n\t\t\t\t<div class=\"elementor-widget-container\">\n\t\t\t\t\t\t\t\t\t<p><\/p>\n<p class=\"has-extra-small-font-size\"><strong>Bienal de esculturas de san jeronimo del sauce<\/strong><br \/>Es un espacio <\/p>\n<p><\/p>\t\t\t\t\t\t\t\t<\/div>\n\t\t\t\t<\/div>\n\t\t\t\t\t<\/div>\n\t\t<\/div>\n\t\t\t\t\t<\/div>\n\t\t<\/section>\n\t\t\t\t<section class=\"elementor-section elementor-top-section elementor-element elementor-element-977ed89 elementor-section-boxed elementor-section-height-default elementor-section-height-default\" data-id=\"977ed89\" data-element_type=\"section\" data-e-type=\"section\">\n\t\t\t\t\t\t<div class=\"elementor-container elementor-column-gap-default\">\n\t\t\t\t\t<div class=\"elementor-column elementor-col-33 elementor-top-column elementor-element elementor-element-5378e28\" data-id=\"5378e28\" data-element_type=\"column\" data-e-type=\"column\">\n\t\t\t<div class=\"elementor-widget-wrap elementor-element-populated\">\n\t\t\t\t\t\t<div class=\"elementor-element elementor-element-1d68016 elementor-widget elementor-widget-image\" data-id=\"1d68016\" data-element_type=\"widget\" data-e-type=\"widget\" data-widget_type=\"image.default\">\n\t\t\t\t<div class=\"elementor-widget-container\">\n\t\t\t\t\t\t\t\t\t\t\t\t\t\t\t<img decoding=\"async\" width=\"750\" height=\"1000\" src=\"https:\/\/tusihorn.com.ar\/wp-content\/uploads\/2025\/04\/72b09d3c-84d3-47c6-a4cd-80a12f8e9781-768x1024.jpg\" class=\"attachment-large size-large wp-image-516\" alt=\"\" srcset=\"https:\/\/tusihorn.com.ar\/wp-content\/uploads\/2025\/04\/72b09d3c-84d3-47c6-a4cd-80a12f8e9781-768x1024.jpg 768w, https:\/\/tusihorn.com.ar\/wp-content\/uploads\/2025\/04\/72b09d3c-84d3-47c6-a4cd-80a12f8e9781-225x300.jpg 225w, https:\/\/tusihorn.com.ar\/wp-content\/uploads\/2025\/04\/72b09d3c-84d3-47c6-a4cd-80a12f8e9781-1152x1536.jpg 1152w, https:\/\/tusihorn.com.ar\/wp-content\/uploads\/2025\/04\/72b09d3c-84d3-47c6-a4cd-80a12f8e9781.jpg 1200w\" sizes=\"(max-width: 750px) 100vw, 750px\" style=\"width:100%;height:133.33%;max-width:1200px\" \/>\t\t\t\t\t\t\t\t\t\t\t\t\t\t\t<\/div>\n\t\t\t\t<\/div>\n\t\t\t\t<div class=\"elementor-element elementor-element-dd857e1 elementor-widget elementor-widget-image\" data-id=\"dd857e1\" data-element_type=\"widget\" data-e-type=\"widget\" data-widget_type=\"image.default\">\n\t\t\t\t<div class=\"elementor-widget-container\">\n\t\t\t\t\t\t\t\t\t\t\t\t\t\t\t<img decoding=\"async\" width=\"750\" height=\"1000\" src=\"https:\/\/tusihorn.com.ar\/wp-content\/uploads\/2025\/04\/d94c5942-5b45-4e68-8465-97393f6ac573-768x1024.jpg\" class=\"attachment-large size-large wp-image-518\" alt=\"\" srcset=\"https:\/\/tusihorn.com.ar\/wp-content\/uploads\/2025\/04\/d94c5942-5b45-4e68-8465-97393f6ac573-768x1024.jpg 768w, https:\/\/tusihorn.com.ar\/wp-content\/uploads\/2025\/04\/d94c5942-5b45-4e68-8465-97393f6ac573-225x300.jpg 225w, https:\/\/tusihorn.com.ar\/wp-content\/uploads\/2025\/04\/d94c5942-5b45-4e68-8465-97393f6ac573-1152x1536.jpg 1152w, https:\/\/tusihorn.com.ar\/wp-content\/uploads\/2025\/04\/d94c5942-5b45-4e68-8465-97393f6ac573.jpg 1200w\" sizes=\"(max-width: 750px) 100vw, 750px\" style=\"width:100%;height:133.33%;max-width:1200px\" \/>\t\t\t\t\t\t\t\t\t\t\t\t\t\t\t<\/div>\n\t\t\t\t<\/div>\n\t\t\t\t\t<\/div>\n\t\t<\/div>\n\t\t\t\t<div class=\"elementor-column elementor-col-33 elementor-top-column elementor-element elementor-element-5595e77\" data-id=\"5595e77\" data-element_type=\"column\" data-e-type=\"column\">\n\t\t\t<div class=\"elementor-widget-wrap elementor-element-populated\">\n\t\t\t\t\t\t<div class=\"elementor-element elementor-element-a1349aa elementor-widget elementor-widget-image\" data-id=\"a1349aa\" data-element_type=\"widget\" data-e-type=\"widget\" data-widget_type=\"image.default\">\n\t\t\t\t<div class=\"elementor-widget-container\">\n\t\t\t\t\t\t\t\t\t\t\t\t\t\t\t<img loading=\"lazy\" decoding=\"async\" width=\"750\" height=\"1000\" src=\"https:\/\/tusihorn.com.ar\/wp-content\/uploads\/2025\/04\/2ef88192-0179-4586-8913-f24628928498-768x1024.jpg\" class=\"attachment-large size-large wp-image-510\" alt=\"\" srcset=\"https:\/\/tusihorn.com.ar\/wp-content\/uploads\/2025\/04\/2ef88192-0179-4586-8913-f24628928498-768x1024.jpg 768w, https:\/\/tusihorn.com.ar\/wp-content\/uploads\/2025\/04\/2ef88192-0179-4586-8913-f24628928498-225x300.jpg 225w, https:\/\/tusihorn.com.ar\/wp-content\/uploads\/2025\/04\/2ef88192-0179-4586-8913-f24628928498-1152x1536.jpg 1152w, https:\/\/tusihorn.com.ar\/wp-content\/uploads\/2025\/04\/2ef88192-0179-4586-8913-f24628928498.jpg 1200w\" sizes=\"(max-width: 750px) 100vw, 750px\" style=\"width:100%;height:133.33%;max-width:1200px\" \/>\t\t\t\t\t\t\t\t\t\t\t\t\t\t\t<\/div>\n\t\t\t\t<\/div>\n\t\t\t\t<div class=\"elementor-element elementor-element-7b251b6 elementor-widget elementor-widget-image\" data-id=\"7b251b6\" data-element_type=\"widget\" data-e-type=\"widget\" data-widget_type=\"image.default\">\n\t\t\t\t<div class=\"elementor-widget-container\">\n\t\t\t\t\t\t\t\t\t\t\t\t\t\t\t<img loading=\"lazy\" decoding=\"async\" width=\"750\" height=\"1000\" src=\"https:\/\/tusihorn.com.ar\/wp-content\/uploads\/2025\/04\/8cb3020e-af6a-4163-8958-37e2634ef33a-768x1024.jpg\" class=\"attachment-large size-large wp-image-511\" alt=\"\" srcset=\"https:\/\/tusihorn.com.ar\/wp-content\/uploads\/2025\/04\/8cb3020e-af6a-4163-8958-37e2634ef33a-768x1024.jpg 768w, https:\/\/tusihorn.com.ar\/wp-content\/uploads\/2025\/04\/8cb3020e-af6a-4163-8958-37e2634ef33a-225x300.jpg 225w, https:\/\/tusihorn.com.ar\/wp-content\/uploads\/2025\/04\/8cb3020e-af6a-4163-8958-37e2634ef33a-1152x1536.jpg 1152w, https:\/\/tusihorn.com.ar\/wp-content\/uploads\/2025\/04\/8cb3020e-af6a-4163-8958-37e2634ef33a.jpg 1200w\" sizes=\"(max-width: 750px) 100vw, 750px\" style=\"width:100%;height:133.33%;max-width:1200px\" \/>\t\t\t\t\t\t\t\t\t\t\t\t\t\t\t<\/div>\n\t\t\t\t<\/div>\n\t\t\t\t\t<\/div>\n\t\t<\/div>\n\t\t\t\t<div class=\"elementor-column elementor-col-33 elementor-top-column elementor-element elementor-element-d6ab7c9\" data-id=\"d6ab7c9\" data-element_type=\"column\" data-e-type=\"column\">\n\t\t\t<div class=\"elementor-widget-wrap elementor-element-populated\">\n\t\t\t\t\t\t<div class=\"elementor-element elementor-element-dc48ac8 elementor-widget elementor-widget-image\" data-id=\"dc48ac8\" data-element_type=\"widget\" data-e-type=\"widget\" data-widget_type=\"image.default\">\n\t\t\t\t<div class=\"elementor-widget-container\">\n\t\t\t\t\t\t\t\t\t\t\t\t\t\t\t<img loading=\"lazy\" decoding=\"async\" width=\"750\" height=\"1000\" src=\"https:\/\/tusihorn.com.ar\/wp-content\/uploads\/2025\/04\/58f72f79-8bd8-4ed2-b275-74c9b3e02366-768x1024.jpg\" class=\"attachment-large size-large wp-image-512\" alt=\"\" srcset=\"https:\/\/tusihorn.com.ar\/wp-content\/uploads\/2025\/04\/58f72f79-8bd8-4ed2-b275-74c9b3e02366-768x1024.jpg 768w, https:\/\/tusihorn.com.ar\/wp-content\/uploads\/2025\/04\/58f72f79-8bd8-4ed2-b275-74c9b3e02366-225x300.jpg 225w, https:\/\/tusihorn.com.ar\/wp-content\/uploads\/2025\/04\/58f72f79-8bd8-4ed2-b275-74c9b3e02366-1152x1536.jpg 1152w, https:\/\/tusihorn.com.ar\/wp-content\/uploads\/2025\/04\/58f72f79-8bd8-4ed2-b275-74c9b3e02366.jpg 1200w\" sizes=\"(max-width: 750px) 100vw, 750px\" style=\"width:100%;height:133.33%;max-width:1200px\" \/>\t\t\t\t\t\t\t\t\t\t\t\t\t\t\t<\/div>\n\t\t\t\t<\/div>\n\t\t\t\t<div class=\"elementor-element elementor-element-d11331b elementor-widget elementor-widget-image\" data-id=\"d11331b\" data-element_type=\"widget\" data-e-type=\"widget\" data-widget_type=\"image.default\">\n\t\t\t\t<div class=\"elementor-widget-container\">\n\t\t\t\t\t\t\t\t\t\t\t\t\t\t\t<img loading=\"lazy\" decoding=\"async\" width=\"750\" height=\"1000\" src=\"https:\/\/tusihorn.com.ar\/wp-content\/uploads\/2025\/04\/ea446c8e-a829-4726-b834-0db8c79d6e74-768x1024.jpg\" class=\"attachment-large size-large wp-image-517\" alt=\"\" srcset=\"https:\/\/tusihorn.com.ar\/wp-content\/uploads\/2025\/04\/ea446c8e-a829-4726-b834-0db8c79d6e74-768x1024.jpg 768w, https:\/\/tusihorn.com.ar\/wp-content\/uploads\/2025\/04\/ea446c8e-a829-4726-b834-0db8c79d6e74-225x300.jpg 225w, https:\/\/tusihorn.com.ar\/wp-content\/uploads\/2025\/04\/ea446c8e-a829-4726-b834-0db8c79d6e74-1152x1536.jpg 1152w, https:\/\/tusihorn.com.ar\/wp-content\/uploads\/2025\/04\/ea446c8e-a829-4726-b834-0db8c79d6e74.jpg 1200w\" sizes=\"(max-width: 750px) 100vw, 750px\" style=\"width:100%;height:133.33%;max-width:1200px\" \/>\t\t\t\t\t\t\t\t\t\t\t\t\t\t\t<\/div>\n\t\t\t\t<\/div>\n\t\t\t\t\t<\/div>\n\t\t<\/div>\n\t\t\t\t\t<\/div>\n\t\t<\/section>\n\t\t\t\t<\/div>\n\t\t","protected":false},"excerpt":{"rendered":"<p>Colectivo 1050\u00b0Colectivo Tierra caliente: acciones colectivas relacionales realizadas en diversas plazas de la ciudad con amplia y activa participaci\u00f3n del publico, donde varios tornos alfareros eran utilizados para generar formas b\u00e1sicas que eran transformadas en formas de frutos los cuales luego de ser cocina- dos en hornos alternativos de carb\u00f3n, fueron emplazados en una instalaci\u00f3n&hellip; <a class=\"more-link\" href=\"https:\/\/tusihorn.com.ar\/?page_id=477\">Continue reading <span class=\"screen-reader-text\">Acciones<\/span><\/a><\/p>\n","protected":false},"author":2,"featured_media":0,"parent":0,"menu_order":0,"comment_status":"closed","ping_status":"closed","template":"","meta":{"footnotes":""},"class_list":["post-477","page","type-page","status-publish","hentry","entry"],"_links":{"self":[{"href":"https:\/\/tusihorn.com.ar\/index.php?rest_route=\/wp\/v2\/pages\/477","targetHints":{"allow":["GET"]}}],"collection":[{"href":"https:\/\/tusihorn.com.ar\/index.php?rest_route=\/wp\/v2\/pages"}],"about":[{"href":"https:\/\/tusihorn.com.ar\/index.php?rest_route=\/wp\/v2\/types\/page"}],"author":[{"embeddable":true,"href":"https:\/\/tusihorn.com.ar\/index.php?rest_route=\/wp\/v2\/users\/2"}],"replies":[{"embeddable":true,"href":"https:\/\/tusihorn.com.ar\/index.php?rest_route=%2Fwp%2Fv2%2Fcomments&post=477"}],"version-history":[{"count":34,"href":"https:\/\/tusihorn.com.ar\/index.php?rest_route=\/wp\/v2\/pages\/477\/revisions"}],"predecessor-version":[{"id":521,"href":"https:\/\/tusihorn.com.ar\/index.php?rest_route=\/wp\/v2\/pages\/477\/revisions\/521"}],"wp:attachment":[{"href":"https:\/\/tusihorn.com.ar\/index.php?rest_route=%2Fwp%2Fv2%2Fmedia&parent=477"}],"curies":[{"name":"wp","href":"https:\/\/api.w.org\/{rel}","templated":true}]}}