{"id":349,"date":"2025-04-29T19:54:59","date_gmt":"2025-04-29T19:54:59","guid":{"rendered":"https:\/\/tusihorn.com.ar\/?page_id=349"},"modified":"2025-04-29T20:00:00","modified_gmt":"2025-04-29T20:00:00","slug":"obras3","status":"publish","type":"page","link":"https:\/\/tusihorn.com.ar\/?page_id=349","title":{"rendered":"&#8230;"},"content":{"rendered":"\n<figure class=\"wp-block-image size-large\"><img fetchpriority=\"high\" decoding=\"async\" width=\"1024\" height=\"634\" src=\"https:\/\/tusihorn.com.ar\/wp-content\/uploads\/2025\/04\/Obra_LaRonda01-1-1024x634.jpg\" alt=\"\" class=\"wp-image-352\" srcset=\"https:\/\/tusihorn.com.ar\/wp-content\/uploads\/2025\/04\/Obra_LaRonda01-1-1024x634.jpg 1024w, https:\/\/tusihorn.com.ar\/wp-content\/uploads\/2025\/04\/Obra_LaRonda01-1-300x186.jpg 300w, https:\/\/tusihorn.com.ar\/wp-content\/uploads\/2025\/04\/Obra_LaRonda01-1-768x475.jpg 768w, https:\/\/tusihorn.com.ar\/wp-content\/uploads\/2025\/04\/Obra_LaRonda01-1-1536x950.jpg 1536w, https:\/\/tusihorn.com.ar\/wp-content\/uploads\/2025\/04\/Obra_LaRonda01-1-1568x970.jpg 1568w, https:\/\/tusihorn.com.ar\/wp-content\/uploads\/2025\/04\/Obra_LaRonda01-1.jpg 1920w\" sizes=\"(max-width: 1024px) 100vw, 1024px\" \/><\/figure>\n\n\n\n<p class=\"has-small-font-size\"><strong>La Ronda<\/strong><br>Primer Premio Adquisici\u00f3n. Sal\u00f3n Anual, Museo Rosa Galisteo de Rodr\u00edguez. (A\u00f1o 2008) <br>T\u00e9cnica: Alfarer\u00eda al torno modelada, gresificada y ensamblada con metal.<br>Dimensiones: 1.50 \u00d7 1.50 \u00d7 1.50 m.<\/p>\n\n\n\n<figure class=\"wp-block-image size-large\"><img decoding=\"async\" width=\"1024\" height=\"675\" src=\"https:\/\/tusihorn.com.ar\/wp-content\/uploads\/2025\/04\/la-rueda-de-la-vida-1024x675.jpg\" alt=\"\" class=\"wp-image-355\" srcset=\"https:\/\/tusihorn.com.ar\/wp-content\/uploads\/2025\/04\/la-rueda-de-la-vida-1024x675.jpg 1024w, https:\/\/tusihorn.com.ar\/wp-content\/uploads\/2025\/04\/la-rueda-de-la-vida-300x198.jpg 300w, https:\/\/tusihorn.com.ar\/wp-content\/uploads\/2025\/04\/la-rueda-de-la-vida-768x506.jpg 768w, https:\/\/tusihorn.com.ar\/wp-content\/uploads\/2025\/04\/la-rueda-de-la-vida-1536x1012.jpg 1536w, https:\/\/tusihorn.com.ar\/wp-content\/uploads\/2025\/04\/la-rueda-de-la-vida-1568x1033.jpg 1568w, https:\/\/tusihorn.com.ar\/wp-content\/uploads\/2025\/04\/la-rueda-de-la-vida.jpg 1920w\" sizes=\"(max-width: 1024px) 100vw, 1024px\" \/><\/figure>\n\n\n\n<p class=\"has-small-font-size\"><strong>La rueda de la vida<\/strong><br>TEC. estaci\u00f3n Belgrano. (A\u00f1o 2021) <br>T\u00e9cnica: Alfarer\u00eda al torno en gran vol\u00famen, engobe blanco, bru\u00f1ido y ahumado. <br>Dimensiones: 2 \u00d7 2 \u00d7 2 m.<\/p>\n\n\n\n<figure class=\"wp-block-image size-large\"><img decoding=\"async\" width=\"759\" height=\"1024\" src=\"https:\/\/tusihorn.com.ar\/wp-content\/uploads\/2025\/04\/Obra_ElSilencio-759x1024.jpg\" alt=\"\" class=\"wp-image-357\" srcset=\"https:\/\/tusihorn.com.ar\/wp-content\/uploads\/2025\/04\/Obra_ElSilencio-759x1024.jpg 759w, https:\/\/tusihorn.com.ar\/wp-content\/uploads\/2025\/04\/Obra_ElSilencio-222x300.jpg 222w, https:\/\/tusihorn.com.ar\/wp-content\/uploads\/2025\/04\/Obra_ElSilencio-768x1036.jpg 768w, https:\/\/tusihorn.com.ar\/wp-content\/uploads\/2025\/04\/Obra_ElSilencio-1138x1536.jpg 1138w, https:\/\/tusihorn.com.ar\/wp-content\/uploads\/2025\/04\/Obra_ElSilencio.jpg 1280w\" sizes=\"(max-width: 759px) 100vw, 759px\" \/><\/figure>\n\n\n\n<p class=\"has-small-font-size\"><strong>El silencio<\/strong><br><em>El silenciode la naturalezade adentro.<br>el poder de adentro.<br>el poderde afuera.<br>Afuera <\/em><br>(Gary Snyder) <br><br>Portal de comprensi\u00f3n.<br>Im\u00e1genes at\u00e1vicas rescatan percepciones olvidadas. Significativas del devenir en la m\u00e1gica fortaleza que encierra el silencio. estaci\u00f3n Belgrano. (A\u00f1o 2021) <\/p>\n","protected":false},"excerpt":{"rendered":"<p>La RondaPrimer Premio Adquisici\u00f3n. Sal\u00f3n Anual, Museo Rosa Galisteo de Rodr\u00edguez. (A\u00f1o 2008) T\u00e9cnica: Alfarer\u00eda al torno modelada, gresificada y ensamblada con metal.Dimensiones: 1.50 \u00d7 1.50 \u00d7 1.50 m. La rueda de la vidaTEC. estaci\u00f3n Belgrano. (A\u00f1o 2021) T\u00e9cnica: Alfarer\u00eda al torno en gran vol\u00famen, engobe blanco, bru\u00f1ido y ahumado. Dimensiones: 2 \u00d7 2 \u00d7&hellip; <a class=\"more-link\" href=\"https:\/\/tusihorn.com.ar\/?page_id=349\">Continue reading <span class=\"screen-reader-text\">&#8230;<\/span><\/a><\/p>\n","protected":false},"author":2,"featured_media":0,"parent":0,"menu_order":0,"comment_status":"closed","ping_status":"closed","template":"","meta":{"footnotes":""},"class_list":["post-349","page","type-page","status-publish","hentry","entry"],"_links":{"self":[{"href":"https:\/\/tusihorn.com.ar\/index.php?rest_route=\/wp\/v2\/pages\/349","targetHints":{"allow":["GET"]}}],"collection":[{"href":"https:\/\/tusihorn.com.ar\/index.php?rest_route=\/wp\/v2\/pages"}],"about":[{"href":"https:\/\/tusihorn.com.ar\/index.php?rest_route=\/wp\/v2\/types\/page"}],"author":[{"embeddable":true,"href":"https:\/\/tusihorn.com.ar\/index.php?rest_route=\/wp\/v2\/users\/2"}],"replies":[{"embeddable":true,"href":"https:\/\/tusihorn.com.ar\/index.php?rest_route=%2Fwp%2Fv2%2Fcomments&post=349"}],"version-history":[{"count":7,"href":"https:\/\/tusihorn.com.ar\/index.php?rest_route=\/wp\/v2\/pages\/349\/revisions"}],"predecessor-version":[{"id":361,"href":"https:\/\/tusihorn.com.ar\/index.php?rest_route=\/wp\/v2\/pages\/349\/revisions\/361"}],"wp:attachment":[{"href":"https:\/\/tusihorn.com.ar\/index.php?rest_route=%2Fwp%2Fv2%2Fmedia&parent=349"}],"curies":[{"name":"wp","href":"https:\/\/api.w.org\/{rel}","templated":true}]}}