{"id":183,"date":"2023-02-05T20:49:28","date_gmt":"2023-02-05T20:49:28","guid":{"rendered":"https:\/\/tusihorn.com.ar\/?page_id=183"},"modified":"2023-02-05T20:50:04","modified_gmt":"2023-02-05T20:50:04","slug":"bio","status":"publish","type":"page","link":"https:\/\/tusihorn.com.ar\/?page_id=183","title":{"rendered":"Bio"},"content":{"rendered":"\n<ul class=\"wp-block-list\">\n<li>Profesora de Artes en Artes Visuales. Escuela Provincial de Artes Visuales \u201cProf. Juan Mantovani\u201d. Santa Fe.<\/li>\n\n\n\n<li>Post\u00edtulo en Actualizaci\u00f3n Acad\u00e9mica en Cer\u00e1mica y Post\u00edtulo Actualizaci\u00f3n Acad\u00e9mica en Arte Americano y Argentino.<\/li>\n\n\n\n<li>Ha realizado cursos de especializaci\u00f3n en la escuela de cer\u00e1mica de La Bisbal D`Emporda (Gerona-Espa\u00f1a), con Lucette Godart en Madrid, y con Guillermo Ma\u00f1e en Rojas (Bs.As.)<\/li>\n\n\n\n<li>Capacitaci\u00f3n en el oficio por el intensivo trabajo de taller para la producci\u00f3n de cer\u00e1mica durante 30 a\u00f1os.<\/li>\n\n\n\n<li>Desde 1992 ha participado de salones provinciales y nacionales recibiendo premios y distinciones nacionales, adem\u00e1s de muestras colectivas, simposios, y encuentros relacionados con la actividad cer\u00e1mica en el pa\u00eds.<\/li>\n\n\n\n<li>Primer premio adquisici\u00f3n en el 85o Sal\u00f3n Anual del Museo Rosa Galisteo de Rodr\u00edguez de Santa Fe.<\/li>\n\n\n\n<li>Generadora del Colectivo Tierra caliente, realizando acciones colectivas en espacios p\u00fablicos con torno y hornos alternativos.<\/li>\n\n\n\n<li>Participe de la Colectiva Transitoria, con un recorrido de producci\u00f3n de obras y activaciones vivenciales vinculadas al barro y al quehacer cer\u00e1mico.<\/li>\n<\/ul>\n","protected":false},"excerpt":{"rendered":"","protected":false},"author":2,"featured_media":0,"parent":0,"menu_order":0,"comment_status":"closed","ping_status":"closed","template":"","meta":{"footnotes":""},"class_list":["post-183","page","type-page","status-publish","hentry","entry"],"_links":{"self":[{"href":"https:\/\/tusihorn.com.ar\/index.php?rest_route=\/wp\/v2\/pages\/183","targetHints":{"allow":["GET"]}}],"collection":[{"href":"https:\/\/tusihorn.com.ar\/index.php?rest_route=\/wp\/v2\/pages"}],"about":[{"href":"https:\/\/tusihorn.com.ar\/index.php?rest_route=\/wp\/v2\/types\/page"}],"author":[{"embeddable":true,"href":"https:\/\/tusihorn.com.ar\/index.php?rest_route=\/wp\/v2\/users\/2"}],"replies":[{"embeddable":true,"href":"https:\/\/tusihorn.com.ar\/index.php?rest_route=%2Fwp%2Fv2%2Fcomments&post=183"}],"version-history":[{"count":2,"href":"https:\/\/tusihorn.com.ar\/index.php?rest_route=\/wp\/v2\/pages\/183\/revisions"}],"predecessor-version":[{"id":185,"href":"https:\/\/tusihorn.com.ar\/index.php?rest_route=\/wp\/v2\/pages\/183\/revisions\/185"}],"wp:attachment":[{"href":"https:\/\/tusihorn.com.ar\/index.php?rest_route=%2Fwp%2Fv2%2Fmedia&parent=183"}],"curies":[{"name":"wp","href":"https:\/\/api.w.org\/{rel}","templated":true}]}}